{"id":2117,"date":"2024-08-16T06:53:03","date_gmt":"2024-08-16T06:53:03","guid":{"rendered":"https:\/\/chispanv.org\/energia-solar-para-todos-en-nevada\/"},"modified":"2025-09-16T02:17:27","modified_gmt":"2025-09-16T02:17:27","slug":"energia-solar-para-todos-en-nevada","status":"publish","type":"page","link":"https:\/\/chispanv.org\/es\/energia-solar-para-todos-en-nevada\/","title":{"rendered":"Energ\u00eda solar para todos en Nevada"},"content":{"rendered":"\t\t<div data-elementor-type=\"wp-page\" data-elementor-id=\"2117\" class=\"elementor elementor-2117 elementor-2000\" data-elementor-post-type=\"page\">\n\t\t\t\t<div class=\"elementor-element elementor-element-c4a06f9 e-flex e-con-boxed e-con e-parent\" data-id=\"c4a06f9\" data-element_type=\"container\" data-e-type=\"container\" data-settings=\"{&quot;background_background&quot;:&quot;classic&quot;}\">\n\t\t\t\t\t<div class=\"e-con-inner\">\n\t\t\t\t<div class=\"elementor-element elementor-element-57ba09e elementor-widget elementor-widget-heading\" data-id=\"57ba09e\" data-element_type=\"widget\" data-e-type=\"widget\" data-widget_type=\"heading.default\">\n\t\t\t\t<div class=\"elementor-widget-container\">\n\t\t\t\t\t<h1 class=\"elementor-heading-title elementor-size-default\">Energ\u00eda solar para todos en Nevada<\/h1>\t\t\t\t<\/div>\n\t\t\t\t<\/div>\n\t\t\t\t\t<\/div>\n\t\t\t\t<\/div>\n\t\t<div class=\"elementor-element elementor-element-e0f1b8e e-flex e-con-boxed e-con e-parent\" data-id=\"e0f1b8e\" data-element_type=\"container\" data-e-type=\"container\">\n\t\t\t\t\t<div class=\"e-con-inner\">\n\t\t\t\t<div class=\"elementor-element elementor-element-7cd0e29 elementor-widget elementor-widget-text-editor\" data-id=\"7cd0e29\" data-element_type=\"widget\" data-e-type=\"widget\" data-widget_type=\"text-editor.default\">\n\t\t\t\t<div class=\"elementor-widget-container\">\n\t\t\t\t\t\t\t\t\t<p><i>Chispa Nevada is a program of the League of Conservation Voters and League of Conservation Voters Education Fund.<\/i><\/p>\n\t\t\t\t\t\t\t\t<\/div>\n\t\t\t\t<\/div>\n\t\t\t\t\t<\/div>\n\t\t\t\t<\/div>\n\t\t<div class=\"elementor-element elementor-element-d0d00a3 e-flex e-con-boxed e-con e-parent\" data-id=\"d0d00a3\" data-element_type=\"container\" data-e-type=\"container\" data-settings=\"{&quot;background_background&quot;:&quot;classic&quot;}\">\n\t\t\t\t\t<div class=\"e-con-inner\">\n\t\t<div class=\"elementor-element elementor-element-e754cfe e-con-full e-flex e-con e-child\" data-id=\"e754cfe\" data-element_type=\"container\" data-e-type=\"container\">\n\t\t<div class=\"elementor-element elementor-element-689654b e-con-full e-flex e-con e-child\" data-id=\"689654b\" data-element_type=\"container\" data-e-type=\"container\">\n\t\t<div class=\"elementor-element elementor-element-fcd4b9b e-con-full e-flex e-con e-child\" data-id=\"fcd4b9b\" data-element_type=\"container\" data-e-type=\"container\">\n\t\t\t\t<div class=\"elementor-element elementor-element-bd2873b elementor-widget elementor-widget-heading\" data-id=\"bd2873b\" data-element_type=\"widget\" data-e-type=\"widget\" data-widget_type=\"heading.default\">\n\t\t\t\t<div class=\"elementor-widget-container\">\n\t\t\t\t\t<h2 class=\"elementor-heading-title elementor-size-default\">Nevada hab\u00eda recibido 156 millones de d\u00f3lares para crear el programa sin fines de lucro Solar For All. <br><i>Pero ahora, la EPA ha suspendido el programa.<\/i><\/h2>\t\t\t\t<\/div>\n\t\t\t\t<\/div>\n\t\t\t\t<\/div>\n\t\t<div class=\"elementor-element elementor-element-7b89a5e e-con-full e-flex e-con e-child\" data-id=\"7b89a5e\" data-element_type=\"container\" data-e-type=\"container\">\n\t\t<div class=\"elementor-element elementor-element-36a60e4 e-con-full e-flex e-con e-child\" data-id=\"36a60e4\" data-element_type=\"container\" data-e-type=\"container\">\n\t\t\t\t<div class=\"elementor-element elementor-element-4352f52 elementor-widget elementor-widget-text-editor\" data-id=\"4352f52\" data-element_type=\"widget\" data-e-type=\"widget\" data-widget_type=\"text-editor.default\">\n\t\t\t\t<div class=\"elementor-widget-container\">\n\t\t\t\t\t\t\t\t\t<p>Administrado por la organizaci\u00f3n sin fines de lucro Nevada Clean Energy Fund, el programa Solar Para Todos brinda acceso a energ\u00eda solar a familias de bajos ingresos, inquilinos y otras personas que no puedan costear paneles solares en sus techos.<\/p>\n<p>Se garantiza que Solar Para Todos reducir\u00e1 las facturas de electricidad de los participantes en al menos un 20 % mensual.<\/p>\n<p>Ahora, estos ahorros est\u00e1n en riesgo. La EPA ha suspendido la financiaci\u00f3n de Nevada. <strong>Act\u00faa ahora para defender Solar For All.<\/strong><\/p>\n\t\t\t\t\t\t\t\t<\/div>\n\t\t\t\t<\/div>\n\t\t\t\t<\/div>\n\t\t<div class=\"elementor-element elementor-element-469e56a e-con-full e-flex e-con e-child\" data-id=\"469e56a\" data-element_type=\"container\" data-e-type=\"container\">\n\t\t\t\t<div class=\"elementor-element elementor-element-dc285db elementor-widget elementor-widget-image\" data-id=\"dc285db\" data-element_type=\"widget\" data-e-type=\"widget\" data-widget_type=\"image.default\">\n\t\t\t\t<div class=\"elementor-widget-container\">\n\t\t\t\t\t\t\t\t\t\t\t\t\t\t\t<img fetchpriority=\"high\" decoding=\"async\" width=\"2000\" height=\"1333\" src=\"https:\/\/chispanv.org\/wp-content\/uploads\/2024\/09\/Thanks-to-the-Federal-Clean-Energy-Plan.jpg\" class=\"attachment-full size-full wp-image-2274\" alt=\"\" srcset=\"https:\/\/chispanv.org\/wp-content\/uploads\/2024\/09\/Thanks-to-the-Federal-Clean-Energy-Plan.jpg 2000w, https:\/\/chispanv.org\/wp-content\/uploads\/2024\/09\/Thanks-to-the-Federal-Clean-Energy-Plan-300x200.jpg 300w, https:\/\/chispanv.org\/wp-content\/uploads\/2024\/09\/Thanks-to-the-Federal-Clean-Energy-Plan-1024x682.jpg 1024w, https:\/\/chispanv.org\/wp-content\/uploads\/2024\/09\/Thanks-to-the-Federal-Clean-Energy-Plan-768x512.jpg 768w, https:\/\/chispanv.org\/wp-content\/uploads\/2024\/09\/Thanks-to-the-Federal-Clean-Energy-Plan-1536x1024.jpg 1536w\" sizes=\"(max-width: 2000px) 100vw, 2000px\" \/>\t\t\t\t\t\t\t\t\t\t\t\t\t\t\t<\/div>\n\t\t\t\t<\/div>\n\t\t\t\t<\/div>\n\t\t\t\t<\/div>\n\t\t\t\t<\/div>\n\t\t\t\t<\/div>\n\t\t\t\t\t<\/div>\n\t\t\t\t<\/div>\n\t\t<div class=\"elementor-element elementor-element-f66cd5b e-flex e-con-boxed e-con e-parent\" data-id=\"f66cd5b\" data-element_type=\"container\" data-e-type=\"container\">\n\t\t\t\t\t<div class=\"e-con-inner\">\n\t\t\t\t<div class=\"elementor-element elementor-element-9ab28ff elementor-widget elementor-widget-html\" data-id=\"9ab28ff\" data-element_type=\"widget\" data-e-type=\"widget\" data-widget_type=\"html.default\">\n\t\t\t\t<div class=\"elementor-widget-container\">\n\t\t\t\t\t<link rel='preload' href='https:\/\/static.everyaction.com\/ea-actiontag\/at.js' as='script' crossorigin='anonymous'><br> <link rel='preload' href='https:\/\/static.everyaction.com\/ea-actiontag\/at.min.css' as='style'><br> <script type='text\/javascript' src='https:\/\/static.everyaction.com\/ea-actiontag\/at.js' crossorigin='anonymous'><\/script><br> <link rel='preload' href='https:\/\/nvlupin.blob.core.windows.net\/designs\/CustomStylesheet_805205afd06592f2bf7f20a69392ea4f75f2f4e1cd530c8172a7a920a4dc1a4d.css' as='style'><br> <div class=\"ngp-form\"\r\n   data-form-url=\"https:\/\/advocator.ngpvan.com\/https%3a%2f%2fsecure.everyaction.com%2fv1%2fForms%2fn6NZcJzY20ORbHBNrjL_Eg2\/ngpForm\"\r\n       data-custom-css='https:\/\/nvlupin.blob.core.windows.net\/designs\/CustomStylesheet_805205afd06592f2bf7f20a69392ea4f75f2f4e1cd530c8172a7a920a4dc1a4d.css'\r\n   data-fastaction-endpoint=\"https:\/\/fastaction.ngpvan.com\"\r\n   data-inline-errors=\"true\"\r\n   data-fastaction-nologin=\"true\"\r\n     data-mobile-autofocus=\"false\">\r\n<\/div>\t\t\t\t<\/div>\n\t\t\t\t<\/div>\n\t\t\t\t\t<\/div>\n\t\t\t\t<\/div>\n\t\t<div class=\"elementor-element elementor-element-b92e8a7 e-flex e-con-boxed e-con e-parent\" data-id=\"b92e8a7\" data-element_type=\"container\" data-e-type=\"container\" data-settings=\"{&quot;background_background&quot;:&quot;classic&quot;}\">\n\t\t\t\t\t<div class=\"e-con-inner\">\n\t\t<div class=\"elementor-element elementor-element-6af7912 e-con-full e-flex e-con e-child\" data-id=\"6af7912\" data-element_type=\"container\" data-e-type=\"container\">\n\t\t\t\t<div class=\"elementor-element elementor-element-0237ffb elementor-widget elementor-widget-image\" data-id=\"0237ffb\" data-element_type=\"widget\" data-e-type=\"widget\" data-widget_type=\"image.default\">\n\t\t\t\t<div class=\"elementor-widget-container\">\n\t\t\t\t\t\t\t\t\t\t\t\t\t\t\t<img decoding=\"async\" width=\"800\" height=\"762\" src=\"https:\/\/chispanv.org\/wp-content\/uploads\/2024\/09\/Be-a-Part-of-Nevadas-Solar-Section.jpg\" class=\"attachment-full size-full wp-image-2272\" alt=\"\" srcset=\"https:\/\/chispanv.org\/wp-content\/uploads\/2024\/09\/Be-a-Part-of-Nevadas-Solar-Section.jpg 800w, https:\/\/chispanv.org\/wp-content\/uploads\/2024\/09\/Be-a-Part-of-Nevadas-Solar-Section-300x286.jpg 300w, https:\/\/chispanv.org\/wp-content\/uploads\/2024\/09\/Be-a-Part-of-Nevadas-Solar-Section-768x732.jpg 768w\" sizes=\"(max-width: 800px) 100vw, 800px\" \/>\t\t\t\t\t\t\t\t\t\t\t\t\t\t\t<\/div>\n\t\t\t\t<\/div>\n\t\t\t\t<\/div>\n\t\t<div class=\"elementor-element elementor-element-52b015a e-con-full e-flex e-con e-child\" data-id=\"52b015a\" data-element_type=\"container\" data-e-type=\"container\">\n\t\t\t\t<div class=\"elementor-element elementor-element-96018a1 elementor-widget elementor-widget-heading\" data-id=\"96018a1\" data-element_type=\"widget\" data-e-type=\"widget\" data-widget_type=\"heading.default\">\n\t\t\t\t<div class=\"elementor-widget-container\">\n\t\t\t\t\t<h2 class=\"elementor-heading-title elementor-size-default\">Forma parte de la revoluci\u00f3n solar en Nevada.<\/h2>\t\t\t\t<\/div>\n\t\t\t\t<\/div>\n\t\t\t\t<div class=\"elementor-element elementor-element-72074de elementor-widget elementor-widget-text-editor\" data-id=\"72074de\" data-element_type=\"widget\" data-e-type=\"widget\" data-widget_type=\"text-editor.default\">\n\t\t\t\t<div class=\"elementor-widget-container\">\n\t\t\t\t\t\t\t\t\t<p>Muestra tu inter\u00e9s al registrarte y unirte a otros residentes de Nevada para aprovechar esta oportunidad incre\u00edble.<\/p>\n\t\t\t\t\t\t\t\t<\/div>\n\t\t\t\t<\/div>\n\t\t\t\t<div class=\"elementor-element elementor-element-a977ba6 elementor-align-left elementor-mobile-align-left fill_the_interest elementor-widget elementor-widget-button\" data-id=\"a977ba6\" data-element_type=\"widget\" data-e-type=\"widget\" data-widget_type=\"button.default\">\n\t\t\t\t<div class=\"elementor-widget-container\">\n\t\t\t\t\t\t\t\t\t<div class=\"elementor-button-wrapper\">\n\t\t\t\t\t<a class=\"elementor-button elementor-size-sm\" role=\"button\">\n\t\t\t\t\t\t<span class=\"elementor-button-content-wrapper\">\n\t\t\t\t\t\t\t\t\t<span class=\"elementor-button-text\">Completa el formulario de inter\u00e9s<\/span>\n\t\t\t\t\t<\/span>\n\t\t\t\t\t<\/a>\n\t\t\t\t<\/div>\n\t\t\t\t\t\t\t\t<\/div>\n\t\t\t\t<\/div>\n\t\t\t\t<\/div>\n\t\t\t\t\t<\/div>\n\t\t\t\t<\/div>\n\t\t<div class=\"elementor-element elementor-element-867c1b7 e-flex e-con-boxed e-con e-parent\" data-id=\"867c1b7\" data-element_type=\"container\" data-e-type=\"container\" data-settings=\"{&quot;background_background&quot;:&quot;classic&quot;}\">\n\t\t\t\t\t<div class=\"e-con-inner\">\n\t\t<div class=\"elementor-element elementor-element-cf2cbd1 e-con-full e-flex e-con e-child\" data-id=\"cf2cbd1\" data-element_type=\"container\" data-e-type=\"container\" data-settings=\"{&quot;background_background&quot;:&quot;classic&quot;}\">\n\t\t<div class=\"elementor-element elementor-element-90f489b e-con-full e-flex e-con e-child\" data-id=\"90f489b\" data-element_type=\"container\" data-e-type=\"container\">\n\t\t<div class=\"elementor-element elementor-element-0d022ea e-con-full e-flex e-con e-child\" data-id=\"0d022ea\" data-element_type=\"container\" data-e-type=\"container\">\n\t\t\t\t<div class=\"elementor-element elementor-element-537b7e2 elementor-widget elementor-widget-image\" data-id=\"537b7e2\" data-element_type=\"widget\" data-e-type=\"widget\" data-widget_type=\"image.default\">\n\t\t\t\t<div class=\"elementor-widget-container\">\n\t\t\t\t\t\t\t\t\t\t\t\t\t\t\t<img decoding=\"async\" width=\"300\" height=\"195\" src=\"https:\/\/chispanv.org\/wp-content\/uploads\/2024\/09\/NCEF-LOGO-300x195.png\" class=\"attachment-medium size-medium wp-image-2234\" alt=\"\" srcset=\"https:\/\/chispanv.org\/wp-content\/uploads\/2024\/09\/NCEF-LOGO-300x195.png 300w, https:\/\/chispanv.org\/wp-content\/uploads\/2024\/09\/NCEF-LOGO-1024x664.png 1024w, https:\/\/chispanv.org\/wp-content\/uploads\/2024\/09\/NCEF-LOGO-768x498.png 768w, https:\/\/chispanv.org\/wp-content\/uploads\/2024\/09\/NCEF-LOGO-1536x996.png 1536w, https:\/\/chispanv.org\/wp-content\/uploads\/2024\/09\/NCEF-LOGO.png 1617w\" sizes=\"(max-width: 300px) 100vw, 300px\" \/>\t\t\t\t\t\t\t\t\t\t\t\t\t\t\t<\/div>\n\t\t\t\t<\/div>\n\t\t\t\t<div class=\"elementor-element elementor-element-1d84290 elementor-widget elementor-widget-heading\" data-id=\"1d84290\" data-element_type=\"widget\" data-e-type=\"widget\" data-widget_type=\"heading.default\">\n\t\t\t\t<div class=\"elementor-widget-container\">\n\t\t\t\t\t<div class=\"elementor-heading-title elementor-size-default\">El programa est\u00e1 siendo gestionado por el Fondo de Energ\u00eda Limpia de Nevada. \u00a1Visita su sitio web para conocer m\u00e1s detalles!<\/div>\t\t\t\t<\/div>\n\t\t\t\t<\/div>\n\t\t\t\t<\/div>\n\t\t\t\t<\/div>\n\t\t<div class=\"elementor-element elementor-element-c77447a e-con-full e-flex e-con e-child\" data-id=\"c77447a\" data-element_type=\"container\" data-e-type=\"container\">\n\t\t\t\t<div class=\"elementor-element elementor-element-d8a1fa0 elementor-align-right elementor-mobile-align-left elementor-widget elementor-widget-button\" data-id=\"d8a1fa0\" data-element_type=\"widget\" data-e-type=\"widget\" data-widget_type=\"button.default\">\n\t\t\t\t<div class=\"elementor-widget-container\">\n\t\t\t\t\t\t\t\t\t<div class=\"elementor-button-wrapper\">\n\t\t\t\t\t<a class=\"elementor-button elementor-button-link elementor-size-sm\" href=\"https:\/\/nevadacef.org\/solar-for-all-interest-form\/\" target=\"_blank\" rel=\"noopener\">\n\t\t\t\t\t\t<span class=\"elementor-button-content-wrapper\">\n\t\t\t\t\t\t\t\t\t<span class=\"elementor-button-text\">Visita el sitio web del Fondo de Energ\u00eda Limpia<\/span>\n\t\t\t\t\t<\/span>\n\t\t\t\t\t<\/a>\n\t\t\t\t<\/div>\n\t\t\t\t\t\t\t\t<\/div>\n\t\t\t\t<\/div>\n\t\t\t\t<\/div>\n\t\t\t\t<\/div>\n\t\t\t\t\t<\/div>\n\t\t\t\t<\/div>\n\t\t<div class=\"elementor-element elementor-element-d4003df e-flex e-con-boxed e-con e-parent\" data-id=\"d4003df\" data-element_type=\"container\" data-e-type=\"container\">\n\t\t\t\t\t<div class=\"e-con-inner\">\n\t\t\t\t<div class=\"elementor-element elementor-element-bc27fa8 elementor-widget elementor-widget-text-editor\" data-id=\"bc27fa8\" data-element_type=\"widget\" data-e-type=\"widget\" data-widget_type=\"text-editor.default\">\n\t\t\t\t<div class=\"elementor-widget-container\">\n\t\t\t\t\t\t\t\t\t<p><strong>Watch our video about how Solar For All can save you money!<\/strong><\/p>\n\t\t\t\t\t\t\t\t<\/div>\n\t\t\t\t<\/div>\n\t\t\t\t\t<\/div>\n\t\t\t\t<\/div>\n\t\t<div class=\"elementor-element elementor-element-75005f6 e-flex e-con-boxed e-con e-parent\" data-id=\"75005f6\" data-element_type=\"container\" data-e-type=\"container\">\n\t\t\t\t\t<div class=\"e-con-inner\">\n\t\t\t\t<div class=\"elementor-element elementor-element-decd085 elementor-widget elementor-widget-video\" data-id=\"decd085\" data-element_type=\"widget\" data-e-type=\"widget\" data-settings=\"{&quot;youtube_url&quot;:&quot;https:\\\/\\\/www.youtube.com\\\/watch?v=ZmMvL-1uFZI&quot;,&quot;video_type&quot;:&quot;youtube&quot;,&quot;controls&quot;:&quot;yes&quot;}\" data-widget_type=\"video.default\">\n\t\t\t\t<div class=\"elementor-widget-container\">\n\t\t\t\t\t\t\t<div class=\"elementor-wrapper elementor-open-inline\">\n\t\t\t<div class=\"elementor-video\"><\/div>\t\t<\/div>\n\t\t\t\t\t\t<\/div>\n\t\t\t\t<\/div>\n\t\t<div class=\"elementor-element elementor-element-c212635 e-con-full e-flex e-con e-child\" data-id=\"c212635\" data-element_type=\"container\" data-e-type=\"container\">\n\t\t\t\t<\/div>\n\t\t\t\t\t<\/div>\n\t\t\t\t<\/div>\n\t\t\t\t<\/div>\n\t\t","protected":false},"excerpt":{"rendered":"<p>Energ\u00eda solar para todos en Nevada Chispa Nevada is a program of the League of Conservation Voters and League of [&hellip;]<\/p>\n","protected":false},"author":2,"featured_media":0,"parent":0,"menu_order":0,"comment_status":"closed","ping_status":"closed","template":"elementor_header_footer","meta":{"_acf_changed":false,"site-sidebar-layout":"no-sidebar","site-content-layout":"","ast-site-content-layout":"full-width-container","site-content-style":"default","site-sidebar-style":"default","ast-global-header-display":"","ast-banner-title-visibility":"","ast-main-header-display":"","ast-hfb-above-header-display":"","ast-hfb-below-header-display":"","ast-hfb-mobile-header-display":"","site-post-title":"disabled","ast-breadcrumbs-content":"","ast-featured-img":"disabled","footer-sml-layout":"","ast-disable-related-posts":"","theme-transparent-header-meta":"","adv-header-id-meta":"","stick-header-meta":"","header-above-stick-meta":"","header-main-stick-meta":"","header-below-stick-meta":"","astra-migrate-meta-layouts":"default","ast-page-background-enabled":"default","ast-page-background-meta":{"desktop":{"background-color":"var(--ast-global-color-4)","background-image":"","background-repeat":"repeat","background-position":"center center","background-size":"auto","background-attachment":"scroll","background-type":"","background-media":"","overlay-type":"","overlay-color":"","overlay-opacity":"","overlay-gradient":""},"tablet":{"background-color":"","background-image":"","background-repeat":"repeat","background-position":"center center","background-size":"auto","background-attachment":"scroll","background-type":"","background-media":"","overlay-type":"","overlay-color":"","overlay-opacity":"","overlay-gradient":""},"mobile":{"background-color":"","background-image":"","background-repeat":"repeat","background-position":"center center","background-size":"auto","background-attachment":"scroll","background-type":"","background-media":"","overlay-type":"","overlay-color":"","overlay-opacity":"","overlay-gradient":""}},"ast-content-background-meta":{"desktop":{"background-color":"var(--ast-global-color-5)","background-image":"","background-repeat":"repeat","background-position":"center center","background-size":"auto","background-attachment":"scroll","background-type":"","background-media":"","overlay-type":"","overlay-color":"","overlay-opacity":"","overlay-gradient":""},"tablet":{"background-color":"var(--ast-global-color-5)","background-image":"","background-repeat":"repeat","background-position":"center center","background-size":"auto","background-attachment":"scroll","background-type":"","background-media":"","overlay-type":"","overlay-color":"","overlay-opacity":"","overlay-gradient":""},"mobile":{"background-color":"var(--ast-global-color-5)","background-image":"","background-repeat":"repeat","background-position":"center center","background-size":"auto","background-attachment":"scroll","background-type":"","background-media":"","overlay-type":"","overlay-color":"","overlay-opacity":"","overlay-gradient":""}},"footnotes":""},"class_list":["post-2117","page","type-page","status-publish","hentry"],"acf":[],"_links":{"self":[{"href":"https:\/\/chispanv.org\/es\/wp-json\/wp\/v2\/pages\/2117","targetHints":{"allow":["GET"]}}],"collection":[{"href":"https:\/\/chispanv.org\/es\/wp-json\/wp\/v2\/pages"}],"about":[{"href":"https:\/\/chispanv.org\/es\/wp-json\/wp\/v2\/types\/page"}],"author":[{"embeddable":true,"href":"https:\/\/chispanv.org\/es\/wp-json\/wp\/v2\/users\/2"}],"replies":[{"embeddable":true,"href":"https:\/\/chispanv.org\/es\/wp-json\/wp\/v2\/comments?post=2117"}],"version-history":[{"count":24,"href":"https:\/\/chispanv.org\/es\/wp-json\/wp\/v2\/pages\/2117\/revisions"}],"predecessor-version":[{"id":2654,"href":"https:\/\/chispanv.org\/es\/wp-json\/wp\/v2\/pages\/2117\/revisions\/2654"}],"wp:attachment":[{"href":"https:\/\/chispanv.org\/es\/wp-json\/wp\/v2\/media?parent=2117"}],"curies":[{"name":"wp","href":"https:\/\/api.w.org\/{rel}","templated":true}]}}